{"id":843,"date":"2023-04-27T23:50:57","date_gmt":"2023-04-27T21:50:57","guid":{"rendered":"https:\/\/120.psychologia.uj.edu.pl\/powolanie-zakladow-w-ramach-instytutu-psychologii\/"},"modified":"2023-04-27T23:50:57","modified_gmt":"2023-04-27T21:50:57","slug":"powolanie-zakladow-w-ramach-instytutu-psychologii","status":"publish","type":"page","link":"https:\/\/120.psychologia.uj.edu.pl\/en\/powolanie-zakladow-w-ramach-instytutu-psychologii\/","title":{"rendered":"Powo\u0142anie zak\u0142ad\u00f3w w ramach Instytutu Psychologii"},"content":{"rendered":"<p><a href=\"https:\/\/120.psychologia.uj.edu.pl\/wp-content\/uploads\/2023\/05\/1968.png\"><img loading=\"lazy\" decoding=\"async\" class=\"aligncenter wp-image-519 size-medium\" src=\"https:\/\/120.psychologia.uj.edu.pl\/wp-content\/uploads\/2023\/05\/1968-460x600.png\" alt=\"\" width=\"460\" height=\"600\" srcset=\"https:\/\/120.psychologia.uj.edu.pl\/wp-content\/uploads\/2023\/05\/1968-460x600.png 460w, https:\/\/120.psychologia.uj.edu.pl\/wp-content\/uploads\/2023\/05\/1968-785x1024.png 785w, https:\/\/120.psychologia.uj.edu.pl\/wp-content\/uploads\/2023\/05\/1968-768x1001.png 768w, https:\/\/120.psychologia.uj.edu.pl\/wp-content\/uploads\/2023\/05\/1968.png 853w\" sizes=\"(max-width: 460px) 100vw, 460px\" \/><\/a><\/p>\n","protected":false},"excerpt":{"rendered":"","protected":false},"author":3,"featured_media":0,"parent":0,"menu_order":0,"comment_status":"closed","ping_status":"closed","template":"","meta":{"_acf_changed":false,"footnotes":""},"class_list":["post-843","page","type-page","status-publish","hentry"],"acf":[],"_links":{"self":[{"href":"https:\/\/120.psychologia.uj.edu.pl\/en\/wp-json\/wp\/v2\/pages\/843"}],"collection":[{"href":"https:\/\/120.psychologia.uj.edu.pl\/en\/wp-json\/wp\/v2\/pages"}],"about":[{"href":"https:\/\/120.psychologia.uj.edu.pl\/en\/wp-json\/wp\/v2\/types\/page"}],"author":[{"embeddable":true,"href":"https:\/\/120.psychologia.uj.edu.pl\/en\/wp-json\/wp\/v2\/users\/3"}],"replies":[{"embeddable":true,"href":"https:\/\/120.psychologia.uj.edu.pl\/en\/wp-json\/wp\/v2\/comments?post=843"}],"version-history":[{"count":0,"href":"https:\/\/120.psychologia.uj.edu.pl\/en\/wp-json\/wp\/v2\/pages\/843\/revisions"}],"wp:attachment":[{"href":"https:\/\/120.psychologia.uj.edu.pl\/en\/wp-json\/wp\/v2\/media?parent=843"}],"curies":[{"name":"wp","href":"https:\/\/api.w.org\/{rel}","templated":true}]}}